{"id":298,"date":"2023-11-05T22:25:57","date_gmt":"2023-11-05T22:25:57","guid":{"rendered":"https:\/\/grupgg.com\/?page_id=298"},"modified":"2023-11-20T21:45:14","modified_gmt":"2023-11-20T21:45:14","slug":"blog","status":"publish","type":"page","link":"https:\/\/grupgg.com\/ca\/blog\/","title":{"rendered":"Blog"},"content":{"rendered":"<div data-elementor-type=\"wp-page\" data-elementor-id=\"298\" class=\"elementor elementor-298\" data-elementor-post-type=\"page\">\n\t\t\t\t<div class=\"elementor-element elementor-element-232eb742 e-flex e-con-boxed e-con e-parent\" data-id=\"232eb742\" data-element_type=\"container\" data-settings=\"{&quot;background_background&quot;:&quot;classic&quot;}\">\n\t\t\t\t\t<div class=\"e-con-inner\">\n\t\t<div class=\"elementor-element elementor-element-54f18fc8 e-flex e-con-boxed e-con e-child\" data-id=\"54f18fc8\" data-element_type=\"container\">\n\t\t\t\t\t<div class=\"e-con-inner\">\n\t\t\t\t<div class=\"elementor-element elementor-element-6bda0d6f elementor-widget elementor-widget-heading\" data-id=\"6bda0d6f\" data-element_type=\"widget\" data-widget_type=\"heading.default\">\n\t\t\t\t<div class=\"elementor-widget-container\">\n\t\t\t\t\t<h1 class=\"elementor-heading-title elementor-size-default\">Blog<\/h1>\t\t\t\t<\/div>\n\t\t\t\t<\/div>\n\t\t\t\t\t<\/div>\n\t\t\t\t<\/div>\n\t\t\t\t\t<\/div>\n\t\t\t\t<\/div>\n\t\t<div class=\"elementor-element elementor-element-5c13ebac e-flex e-con-boxed e-con e-parent\" data-id=\"5c13ebac\" data-element_type=\"container\">\n\t\t\t\t\t<div class=\"e-con-inner\">\n\t\t\t\t<div class=\"elementor-element elementor-element-96973cd elementor-grid-3 elementor-grid-tablet-2 elementor-grid-mobile-1 elementor-posts--thumbnail-top elementor-card-shadow-yes elementor-posts__hover-gradient elementor-widget elementor-widget-posts\" data-id=\"96973cd\" data-element_type=\"widget\" data-settings=\"{&quot;pagination_type&quot;:&quot;numbers_and_prev_next&quot;,&quot;cards_columns&quot;:&quot;3&quot;,&quot;cards_columns_tablet&quot;:&quot;2&quot;,&quot;cards_columns_mobile&quot;:&quot;1&quot;,&quot;cards_row_gap&quot;:{&quot;unit&quot;:&quot;px&quot;,&quot;size&quot;:35,&quot;sizes&quot;:[]},&quot;cards_row_gap_tablet&quot;:{&quot;unit&quot;:&quot;px&quot;,&quot;size&quot;:&quot;&quot;,&quot;sizes&quot;:[]},&quot;cards_row_gap_mobile&quot;:{&quot;unit&quot;:&quot;px&quot;,&quot;size&quot;:&quot;&quot;,&quot;sizes&quot;:[]}}\" data-widget_type=\"posts.cards\">\n\t\t\t\t<div class=\"elementor-widget-container\">\n\t\t\t\t\t\t\t<div class=\"elementor-posts-container elementor-posts elementor-posts--skin-cards elementor-grid\">\n\t\t\t\t<article class=\"elementor-post elementor-grid-item post-306 post type-post status-publish format-standard has-post-thumbnail hentry category-uncategorized\">\n\t\t\t<div class=\"elementor-post__card\">\n\t\t\t\t<a class=\"elementor-post__thumbnail__link\" href=\"https:\/\/grupgg.com\/ca\/bienvenidos-a-nuestra-nueva-web-descubre-la-excelencia-en-limpieza-de-final-de-obra\/\" tabindex=\"-1\" ><div class=\"elementor-post__thumbnail\"><img fetchpriority=\"high\" decoding=\"async\" width=\"1920\" height=\"1080\" src=\"https:\/\/grupgg.com\/wp-content\/uploads\/2023\/11\/15.jpg\" class=\"attachment-full size-full wp-image-166\" alt=\"\" srcset=\"https:\/\/grupgg.com\/wp-content\/uploads\/2023\/11\/15.jpg 1920w, https:\/\/grupgg.com\/wp-content\/uploads\/2023\/11\/15-300x169.jpg 300w, https:\/\/grupgg.com\/wp-content\/uploads\/2023\/11\/15-1024x576.jpg 1024w, https:\/\/grupgg.com\/wp-content\/uploads\/2023\/11\/15-768x432.jpg 768w, https:\/\/grupgg.com\/wp-content\/uploads\/2023\/11\/15-1536x864.jpg 1536w\" sizes=\"(max-width: 1920px) 100vw, 1920px\" \/><\/div><\/a>\n\t\t\t\t<div class=\"elementor-post__text\">\n\t\t\t\t<h3 class=\"elementor-post__title\">\n\t\t\t<a href=\"https:\/\/grupgg.com\/ca\/bienvenidos-a-nuestra-nueva-web-descubre-la-excelencia-en-limpieza-de-final-de-obra\/\" >\n\t\t\t\t\u00a1Bienvenidos a nuestra nueva web! Descubre la excelencia en limpieza de final de obra!\t\t\t<\/a>\n\t\t<\/h3>\n\t\t\t\t<div class=\"elementor-post__excerpt\">\n\t\t\t<p>En nuestra incansable b\u00fasqueda de la perfecci\u00f3n en la limpieza, nos complace anunciar el lanzamiento de nuestra nueva p\u00e1gina web. En este emocionante cap\u00edtulo de<\/p>\n\t\t<\/div>\n\t\t\n\t\t<a class=\"elementor-post__read-more\" href=\"https:\/\/grupgg.com\/ca\/bienvenidos-a-nuestra-nueva-web-descubre-la-excelencia-en-limpieza-de-final-de-obra\/\" aria-label=\"Read more about \u00a1Bienvenidos a nuestra nueva web! Descubre la excelencia en limpieza de final de obra!\" tabindex=\"-1\" >\n\t\t\tLLEGIR M\u00c9S\t\t<\/a>\n\n\t\t\t\t<\/div>\n\t\t\t\t\t<\/div>\n\t\t<\/article>\n\t\t\t\t<\/div>\n\t\t\n\t\t\t\t\t\t<\/div>\n\t\t\t\t<\/div>\n\t\t\t\t\t<\/div>\n\t\t\t\t<\/div>\n\t\t\t\t<\/div>","protected":false},"excerpt":{"rendered":"<p>Blog<\/p>","protected":false},"author":1,"featured_media":0,"parent":0,"menu_order":0,"comment_status":"closed","ping_status":"closed","template":"page-templates\/template-pagebuilder-full-width.php","meta":{"neve_meta_sidebar":"","neve_meta_container":"","neve_meta_enable_content_width":"off","neve_meta_content_width":100,"neve_meta_title_alignment":"","neve_meta_author_avatar":"","neve_post_elements_order":"","neve_meta_disable_header":"","neve_meta_disable_footer":"","neve_meta_disable_title":"","_joinchat":[],"footnotes":""},"class_list":["post-298","page","type-page","status-publish","hentry"],"yoast_head":"<!-- This site is optimized with the Yoast SEO plugin v24.6 - https:\/\/yoast.com\/wordpress\/plugins\/seo\/ -->\n<title>Blog - GRUP GG<\/title>\n<meta name=\"robots\" content=\"index, follow, max-snippet:-1, max-image-preview:large, max-video-preview:-1\" \/>\n<link rel=\"canonical\" href=\"https:\/\/grupgg.com\/ca\/blog\/\" \/>\n<meta property=\"og:locale\" content=\"ca_ES\" \/>\n<meta property=\"og:type\" content=\"article\" \/>\n<meta property=\"og:title\" content=\"Blog - GRUP GG\" \/>\n<meta property=\"og:description\" content=\"Blog\" \/>\n<meta property=\"og:url\" content=\"https:\/\/grupgg.com\/ca\/blog\/\" \/>\n<meta property=\"og:site_name\" content=\"GRUP GG - L\u00edderes en limpieza final de obra\" \/>\n<meta property=\"article:modified_time\" content=\"2023-11-20T21:45:14+00:00\" \/>\n<meta name=\"twitter:card\" content=\"summary_large_image\" \/>\n<script type=\"application\/ld+json\" class=\"yoast-schema-graph\">{\"@context\":\"https:\/\/schema.org\",\"@graph\":[{\"@type\":\"WebPage\",\"@id\":\"https:\/\/grupgg.com\/blog\/\",\"url\":\"https:\/\/grupgg.com\/blog\/\",\"name\":\"Blog - GRUP GG\",\"isPartOf\":{\"@id\":\"https:\/\/grupgg.com\/#website\"},\"datePublished\":\"2023-11-05T22:25:57+00:00\",\"dateModified\":\"2023-11-20T21:45:14+00:00\",\"breadcrumb\":{\"@id\":\"https:\/\/grupgg.com\/blog\/#breadcrumb\"},\"inLanguage\":\"ca\",\"potentialAction\":[{\"@type\":\"ReadAction\",\"target\":[\"https:\/\/grupgg.com\/blog\/\"]}]},{\"@type\":\"BreadcrumbList\",\"@id\":\"https:\/\/grupgg.com\/blog\/#breadcrumb\",\"itemListElement\":[{\"@type\":\"ListItem\",\"position\":1,\"name\":\"Portada\",\"item\":\"https:\/\/grupgg.com\/\"},{\"@type\":\"ListItem\",\"position\":2,\"name\":\"Blog\"}]},{\"@type\":\"WebSite\",\"@id\":\"https:\/\/grupgg.com\/#website\",\"url\":\"https:\/\/grupgg.com\/\",\"name\":\"GRUP GG - L\u00edderes en limpieza final de obra\",\"description\":\"Nuestro equipo altamente capacitado y nuestra tecnolog\u00eda avanzada nos permiten garantizar que cada espacio est\u00e9 en su mejor estado. Conf\u00ede en Grup GG para una limpieza final impecable, ya sea constructor, contratista o promotor.\",\"potentialAction\":[{\"@type\":\"SearchAction\",\"target\":{\"@type\":\"EntryPoint\",\"urlTemplate\":\"https:\/\/grupgg.com\/?s={search_term_string}\"},\"query-input\":{\"@type\":\"PropertyValueSpecification\",\"valueRequired\":true,\"valueName\":\"search_term_string\"}}],\"inLanguage\":\"ca\"}]}<\/script>\n<!-- \/ Yoast SEO plugin. -->","yoast_head_json":{"title":"Blog - GRUP GG","robots":{"index":"index","follow":"follow","max-snippet":"max-snippet:-1","max-image-preview":"max-image-preview:large","max-video-preview":"max-video-preview:-1"},"canonical":"https:\/\/grupgg.com\/ca\/blog\/","og_locale":"ca_ES","og_type":"article","og_title":"Blog - GRUP GG","og_description":"Blog","og_url":"https:\/\/grupgg.com\/ca\/blog\/","og_site_name":"GRUP GG - L\u00edderes en limpieza final de obra","article_modified_time":"2023-11-20T21:45:14+00:00","twitter_card":"summary_large_image","schema":{"@context":"https:\/\/schema.org","@graph":[{"@type":"WebPage","@id":"https:\/\/grupgg.com\/blog\/","url":"https:\/\/grupgg.com\/blog\/","name":"Blog - GRUP GG","isPartOf":{"@id":"https:\/\/grupgg.com\/#website"},"datePublished":"2023-11-05T22:25:57+00:00","dateModified":"2023-11-20T21:45:14+00:00","breadcrumb":{"@id":"https:\/\/grupgg.com\/blog\/#breadcrumb"},"inLanguage":"ca","potentialAction":[{"@type":"ReadAction","target":["https:\/\/grupgg.com\/blog\/"]}]},{"@type":"BreadcrumbList","@id":"https:\/\/grupgg.com\/blog\/#breadcrumb","itemListElement":[{"@type":"ListItem","position":1,"name":"Portada","item":"https:\/\/grupgg.com\/"},{"@type":"ListItem","position":2,"name":"Blog"}]},{"@type":"WebSite","@id":"https:\/\/grupgg.com\/#website","url":"https:\/\/grupgg.com\/","name":"GRUP GG - L\u00edderes en limpieza final de obra","description":"Nuestro equipo altamente capacitado y nuestra tecnolog\u00eda avanzada nos permiten garantizar que cada espacio est\u00e9 en su mejor estado. Conf\u00ede en Grup GG para una limpieza final impecable, ya sea constructor, contratista o promotor.","potentialAction":[{"@type":"SearchAction","target":{"@type":"EntryPoint","urlTemplate":"https:\/\/grupgg.com\/?s={search_term_string}"},"query-input":{"@type":"PropertyValueSpecification","valueRequired":true,"valueName":"search_term_string"}}],"inLanguage":"ca"}]}},"_links":{"self":[{"href":"https:\/\/grupgg.com\/ca\/wp-json\/wp\/v2\/pages\/298","targetHints":{"allow":["GET"]}}],"collection":[{"href":"https:\/\/grupgg.com\/ca\/wp-json\/wp\/v2\/pages"}],"about":[{"href":"https:\/\/grupgg.com\/ca\/wp-json\/wp\/v2\/types\/page"}],"author":[{"embeddable":true,"href":"https:\/\/grupgg.com\/ca\/wp-json\/wp\/v2\/users\/1"}],"replies":[{"embeddable":true,"href":"https:\/\/grupgg.com\/ca\/wp-json\/wp\/v2\/comments?post=298"}],"version-history":[{"count":10,"href":"https:\/\/grupgg.com\/ca\/wp-json\/wp\/v2\/pages\/298\/revisions"}],"predecessor-version":[{"id":405,"href":"https:\/\/grupgg.com\/ca\/wp-json\/wp\/v2\/pages\/298\/revisions\/405"}],"wp:attachment":[{"href":"https:\/\/grupgg.com\/ca\/wp-json\/wp\/v2\/media?parent=298"}],"curies":[{"name":"wp","href":"https:\/\/api.w.org\/{rel}","templated":true}]}}