{"id":355,"date":"2023-11-05T23:14:23","date_gmt":"2023-11-05T23:14:23","guid":{"rendered":"https:\/\/grupgg.com\/?page_id=355"},"modified":"2023-11-05T23:14:51","modified_gmt":"2023-11-05T23:14:51","slug":"mapa-del-sitio","status":"publish","type":"page","link":"https:\/\/grupgg.com\/ca\/mapa-del-sitio\/","title":{"rendered":"Mapa del lloc"},"content":{"rendered":"<div data-elementor-type=\"wp-page\" data-elementor-id=\"355\" class=\"elementor elementor-355\" data-elementor-post-type=\"page\">\n\t\t\t\t<div class=\"elementor-element elementor-element-65a4dceb e-flex e-con-boxed e-con e-parent\" data-id=\"65a4dceb\" data-element_type=\"container\" data-settings=\"{&quot;background_background&quot;:&quot;classic&quot;}\">\n\t\t\t\t\t<div class=\"e-con-inner\">\n\t\t<div class=\"elementor-element elementor-element-5f9c8c e-flex e-con-boxed e-con e-child\" data-id=\"5f9c8c\" data-element_type=\"container\">\n\t\t\t\t\t<div class=\"e-con-inner\">\n\t\t\t\t<div class=\"elementor-element elementor-element-2f790c5e elementor-widget elementor-widget-heading\" data-id=\"2f790c5e\" data-element_type=\"widget\" data-widget_type=\"heading.default\">\n\t\t\t\t<div class=\"elementor-widget-container\">\n\t\t\t\t\t<h1 class=\"elementor-heading-title elementor-size-default\">Mapa del lloc<\/h1>\t\t\t\t<\/div>\n\t\t\t\t<\/div>\n\t\t\t\t\t<\/div>\n\t\t\t\t<\/div>\n\t\t\t\t\t<\/div>\n\t\t\t\t<\/div>\n\t\t<div class=\"elementor-element elementor-element-cfe0435 e-flex e-con-boxed e-con e-parent\" data-id=\"cfe0435\" data-element_type=\"container\">\n\t\t\t\t\t<div class=\"e-con-inner\">\n\t\t<div class=\"elementor-element elementor-element-5fefe4a5 e-con-full e-flex e-con e-child\" data-id=\"5fefe4a5\" data-element_type=\"container\">\n\t\t\t\t<div class=\"elementor-element elementor-element-c581931 elementor-widget elementor-widget-sitemap\" data-id=\"c581931\" data-element_type=\"widget\" data-widget_type=\"sitemap.default\">\n\t\t\t\t<div class=\"elementor-widget-container\">\n\t\t\t\t\t<div class=\"elementor-sitemap-wrap\"><div class=\"elementor-sitemap-section\"><h2 class=\"elementor-sitemap-title elementor-sitemap-page-title\">P\u00e1ginas<\/h2><ul class=\"elementor-sitemap-list elementor-sitemap-page-list\"><li class=\"elementor-sitemap-item elementor-sitemap-item-page page_item page-item-355\"><a href=\"https:\/\/grupgg.com\/ca\/mapa-del-sitio\/\">Mapa del lloc<\/a><\/li><li class=\"elementor-sitemap-item elementor-sitemap-item-page page_item page-item-350\"><a href=\"https:\/\/grupgg.com\/ca\/declaracion-de-accesibilidad\/\">Declaraci\u00f3 d'accessibilitat<\/a><\/li><li class=\"elementor-sitemap-item elementor-sitemap-item-page page_item page-item-345\"><a href=\"https:\/\/grupgg.com\/ca\/politica-de-proteccion-de-datos\/\">Pol\u00edtica de protecci\u00f3 de dades<\/a><\/li><li class=\"elementor-sitemap-item elementor-sitemap-item-page page_item page-item-340\"><a href=\"https:\/\/grupgg.com\/ca\/politica-de-cookies\/\">Pol\u00edtica de cookies<\/a><\/li><li class=\"elementor-sitemap-item elementor-sitemap-item-page page_item page-item-335\"><a href=\"https:\/\/grupgg.com\/ca\/aviso-legal\/\">Av\u00eds legal<\/a><\/li><li class=\"elementor-sitemap-item elementor-sitemap-item-page page_item page-item-298\"><a href=\"https:\/\/grupgg.com\/ca\/blog\/\">Blog<\/a><\/li><li class=\"elementor-sitemap-item elementor-sitemap-item-page page_item page-item-287\"><a href=\"https:\/\/grupgg.com\/ca\/contacto\/\">Contacte<\/a><\/li><li class=\"elementor-sitemap-item elementor-sitemap-item-page page_item page-item-281\"><a href=\"https:\/\/grupgg.com\/ca\/limpieza-final-de-obra-matadepera\/\">Neteja final d\u00b4obra Matadepera<\/a><\/li><li class=\"elementor-sitemap-item elementor-sitemap-item-page page_item page-item-275\"><a href=\"https:\/\/grupgg.com\/ca\/limpieza-final-de-obra-sant-cugat\/\">Neteja final d\u00b4obra Sant Cugat<\/a><\/li><li class=\"elementor-sitemap-item elementor-sitemap-item-page page_item page-item-269\"><a href=\"https:\/\/grupgg.com\/ca\/limpieza-final-de-obra-barcelona\/\">Neteja final d\u00b4obra Barcelona<\/a><\/li><li class=\"elementor-sitemap-item elementor-sitemap-item-page page_item page-item-263\"><a href=\"https:\/\/grupgg.com\/ca\/limpieza-final-de-obra-terrassa\/\">Neteja final d\u00b4obra Terrassa<\/a><\/li><li class=\"elementor-sitemap-item elementor-sitemap-item-page page_item page-item-251\"><a href=\"https:\/\/grupgg.com\/ca\/limpieza-final-de-obra-sabadell\/\">Neteja final d'obra Sabadell<\/a><\/li><li class=\"elementor-sitemap-item elementor-sitemap-item-page page_item page-item-225\"><a href=\"https:\/\/grupgg.com\/ca\/limpieza-final-de-obra\/\">Neteja final d\u00b4obra<\/a><\/li><li class=\"elementor-sitemap-item elementor-sitemap-item-page page_item page-item-190\"><a href=\"https:\/\/grupgg.com\/ca\/nosotros\/\">Nosaltres<\/a><\/li><li class=\"elementor-sitemap-item elementor-sitemap-item-page page_item page-item-39\"><a href=\"https:\/\/grupgg.com\/ca\/\">Inicio<\/a><\/li><\/ul><\/div><\/div>\t\t\t\t<\/div>\n\t\t\t\t<\/div>\n\t\t\t\t<\/div>\n\t\t\t\t\t<\/div>\n\t\t\t\t<\/div>\n\t\t\t\t<\/div>","protected":false},"excerpt":{"rendered":"","protected":false},"author":1,"featured_media":0,"parent":0,"menu_order":0,"comment_status":"closed","ping_status":"closed","template":"page-templates\/template-pagebuilder-full-width.php","meta":{"neve_meta_sidebar":"","neve_meta_container":"","neve_meta_enable_content_width":"off","neve_meta_content_width":100,"neve_meta_title_alignment":"","neve_meta_author_avatar":"","neve_post_elements_order":"","neve_meta_disable_header":"","neve_meta_disable_footer":"","neve_meta_disable_title":"","_joinchat":[],"footnotes":""},"class_list":["post-355","page","type-page","status-publish","hentry"],"yoast_head":"<!-- This site is optimized with the Yoast SEO plugin v24.6 - https:\/\/yoast.com\/wordpress\/plugins\/seo\/ -->\n<title>Mapa del sitio - GRUP GG - L\u00edderes en limpieza final de obra<\/title>\n<meta name=\"robots\" content=\"index, follow, max-snippet:-1, max-image-preview:large, max-video-preview:-1\" \/>\n<link rel=\"canonical\" href=\"https:\/\/grupgg.com\/ca\/mapa-del-sitio\/\" \/>\n<meta property=\"og:locale\" content=\"ca_ES\" \/>\n<meta property=\"og:type\" content=\"article\" \/>\n<meta property=\"og:title\" content=\"Mapa del sitio - GRUP GG - L\u00edderes en limpieza final de obra\" \/>\n<meta property=\"og:url\" content=\"https:\/\/grupgg.com\/ca\/mapa-del-sitio\/\" \/>\n<meta property=\"og:site_name\" content=\"GRUP GG - L\u00edderes en limpieza final de obra\" \/>\n<meta property=\"article:modified_time\" content=\"2023-11-05T23:14:51+00:00\" \/>\n<meta name=\"twitter:card\" content=\"summary_large_image\" \/>\n<script type=\"application\/ld+json\" class=\"yoast-schema-graph\">{\"@context\":\"https:\/\/schema.org\",\"@graph\":[{\"@type\":\"WebPage\",\"@id\":\"https:\/\/grupgg.com\/mapa-del-sitio\/\",\"url\":\"https:\/\/grupgg.com\/mapa-del-sitio\/\",\"name\":\"Mapa del sitio - GRUP GG - L\u00edderes en limpieza final de obra\",\"isPartOf\":{\"@id\":\"https:\/\/grupgg.com\/#website\"},\"datePublished\":\"2023-11-05T23:14:23+00:00\",\"dateModified\":\"2023-11-05T23:14:51+00:00\",\"breadcrumb\":{\"@id\":\"https:\/\/grupgg.com\/mapa-del-sitio\/#breadcrumb\"},\"inLanguage\":\"ca\",\"potentialAction\":[{\"@type\":\"ReadAction\",\"target\":[\"https:\/\/grupgg.com\/mapa-del-sitio\/\"]}]},{\"@type\":\"BreadcrumbList\",\"@id\":\"https:\/\/grupgg.com\/mapa-del-sitio\/#breadcrumb\",\"itemListElement\":[{\"@type\":\"ListItem\",\"position\":1,\"name\":\"Portada\",\"item\":\"https:\/\/grupgg.com\/\"},{\"@type\":\"ListItem\",\"position\":2,\"name\":\"Mapa del sitio\"}]},{\"@type\":\"WebSite\",\"@id\":\"https:\/\/grupgg.com\/#website\",\"url\":\"https:\/\/grupgg.com\/\",\"name\":\"GRUP GG - L\u00edderes en limpieza final de obra\",\"description\":\"Nuestro equipo altamente capacitado y nuestra tecnolog\u00eda avanzada nos permiten garantizar que cada espacio est\u00e9 en su mejor estado. Conf\u00ede en Grup GG para una limpieza final impecable, ya sea constructor, contratista o promotor.\",\"potentialAction\":[{\"@type\":\"SearchAction\",\"target\":{\"@type\":\"EntryPoint\",\"urlTemplate\":\"https:\/\/grupgg.com\/?s={search_term_string}\"},\"query-input\":{\"@type\":\"PropertyValueSpecification\",\"valueRequired\":true,\"valueName\":\"search_term_string\"}}],\"inLanguage\":\"ca\"}]}<\/script>\n<!-- \/ Yoast SEO plugin. -->","yoast_head_json":{"title":"Mapa del sitio - GRUP GG - L\u00edderes en limpieza final de obra","robots":{"index":"index","follow":"follow","max-snippet":"max-snippet:-1","max-image-preview":"max-image-preview:large","max-video-preview":"max-video-preview:-1"},"canonical":"https:\/\/grupgg.com\/ca\/mapa-del-sitio\/","og_locale":"ca_ES","og_type":"article","og_title":"Mapa del sitio - GRUP GG - L\u00edderes en limpieza final de obra","og_url":"https:\/\/grupgg.com\/ca\/mapa-del-sitio\/","og_site_name":"GRUP GG - L\u00edderes en limpieza final de obra","article_modified_time":"2023-11-05T23:14:51+00:00","twitter_card":"summary_large_image","schema":{"@context":"https:\/\/schema.org","@graph":[{"@type":"WebPage","@id":"https:\/\/grupgg.com\/mapa-del-sitio\/","url":"https:\/\/grupgg.com\/mapa-del-sitio\/","name":"Mapa del sitio - GRUP GG - L\u00edderes en limpieza final de obra","isPartOf":{"@id":"https:\/\/grupgg.com\/#website"},"datePublished":"2023-11-05T23:14:23+00:00","dateModified":"2023-11-05T23:14:51+00:00","breadcrumb":{"@id":"https:\/\/grupgg.com\/mapa-del-sitio\/#breadcrumb"},"inLanguage":"ca","potentialAction":[{"@type":"ReadAction","target":["https:\/\/grupgg.com\/mapa-del-sitio\/"]}]},{"@type":"BreadcrumbList","@id":"https:\/\/grupgg.com\/mapa-del-sitio\/#breadcrumb","itemListElement":[{"@type":"ListItem","position":1,"name":"Portada","item":"https:\/\/grupgg.com\/"},{"@type":"ListItem","position":2,"name":"Mapa del sitio"}]},{"@type":"WebSite","@id":"https:\/\/grupgg.com\/#website","url":"https:\/\/grupgg.com\/","name":"GRUP GG - L\u00edderes en limpieza final de obra","description":"Nuestro equipo altamente capacitado y nuestra tecnolog\u00eda avanzada nos permiten garantizar que cada espacio est\u00e9 en su mejor estado. Conf\u00ede en Grup GG para una limpieza final impecable, ya sea constructor, contratista o promotor.","potentialAction":[{"@type":"SearchAction","target":{"@type":"EntryPoint","urlTemplate":"https:\/\/grupgg.com\/?s={search_term_string}"},"query-input":{"@type":"PropertyValueSpecification","valueRequired":true,"valueName":"search_term_string"}}],"inLanguage":"ca"}]}},"_links":{"self":[{"href":"https:\/\/grupgg.com\/ca\/wp-json\/wp\/v2\/pages\/355","targetHints":{"allow":["GET"]}}],"collection":[{"href":"https:\/\/grupgg.com\/ca\/wp-json\/wp\/v2\/pages"}],"about":[{"href":"https:\/\/grupgg.com\/ca\/wp-json\/wp\/v2\/types\/page"}],"author":[{"embeddable":true,"href":"https:\/\/grupgg.com\/ca\/wp-json\/wp\/v2\/users\/1"}],"replies":[{"embeddable":true,"href":"https:\/\/grupgg.com\/ca\/wp-json\/wp\/v2\/comments?post=355"}],"version-history":[{"count":4,"href":"https:\/\/grupgg.com\/ca\/wp-json\/wp\/v2\/pages\/355\/revisions"}],"predecessor-version":[{"id":359,"href":"https:\/\/grupgg.com\/ca\/wp-json\/wp\/v2\/pages\/355\/revisions\/359"}],"wp:attachment":[{"href":"https:\/\/grupgg.com\/ca\/wp-json\/wp\/v2\/media?parent=355"}],"curies":[{"name":"wp","href":"https:\/\/api.w.org\/{rel}","templated":true}]}}